{"id":247,"date":"2018-12-06T11:34:15","date_gmt":"2018-12-06T10:34:15","guid":{"rendered":"https:\/\/espace-vacances-valdisere.com\/mentions-legales\/"},"modified":"2019-05-29T23:01:51","modified_gmt":"2019-05-29T21:01:51","slug":"legal-notices","status":"publish","type":"page","link":"https:\/\/espace-vacances-valdisere.com\/en\/legal-notices\/","title":{"rendered":"Legal notices"},"content":{"rendered":"<h3 class=\"mentionLegalesTitle\">UI &amp; UX DESIGN<\/h3>\n<p class=\"textMentions\">Merci Creative &#8211;\u00a0www.wearemerci.com<\/p>\n<h3 class=\"mentionLegalesTitle\">DIRECTION<\/h3>\n<p class=\"textMentions\">La publication du site est plac\u00e9e sous la direction de Christophe Vaquier.<\/p>\n<h3 class=\"mentionLegalesTitle\">H\u00c9BERGEMENT DU SITE<\/h3>\n<p class=\"textMentions\">Le site Internet www.cr\u00eates-blanches.com\u00a0est h\u00e9berg\u00e9 par la soci\u00e9t\u00e9 OVH, SAS au capital de 10 000 000 euros, immatricul\u00e9e au RCS de Roubaix-Tourcoing sous le n\u00b0 424 761 419 00045. Si\u00e8ge social : 2 rue Kellerman 59100 Roubaix France<\/p>\n<h3 class=\"mentionLegalesTitle\">AUTEURS<\/h3>\n<p class=\"textMentions\">Le contenu du site notamment, mais non exclusivement, les textes, photographies, mise en page, charte graphique, marques, logos et autres signes distinctifs qui apparaissent dans ce site sont prot\u00e9g\u00e9s par les droits de propri\u00e9t\u00e9 intellectuelle et sont la propri\u00e9t\u00e9 exclusive de SAS Cr\u00eates Blanches. Ils ne peuvent \u00eatre exploit\u00e9s qu&#8217;avec son autorisation pr\u00e9alable. Toutes repr\u00e9sentation partielle ou totale de ce site par quelque proc\u00e9d\u00e9 que ce soit, sans l&#8217;autorisation expresse de Cr\u00eates Blanches, est interdit et constituerait une contrefa\u00e7on sanctionn\u00e9e par les articles L.335-2 et suivants du Code de la Propri\u00e9t\u00e9 Intellectuelle. Malgr\u00e9 tous les soins apport\u00e9s dans la r\u00e9alisation de ce site et \u00e0 son actualisation r\u00e9guli\u00e8re, des erreurs peuvent s&#8217;\u00eatre gliss\u00e9es dans les informations et\/ou documents pr\u00e9sent\u00e9s. Les utilisateurs du site proc\u00e9deront donc \u00e0 toutes v\u00e9rifications utiles. Cr\u00eates Blanches ne pourra \u00eatre en aucun cas tenu responsable de tous dommages directs ou indirects pouvant d\u00e9couler de l&#8217;acc\u00e8s \u00e0 ce site et\/ou de l&#8217;utilisation du contenu de ce site.<\/p>\n<h3 class=\"mentionLegalesTitle\">DROIT D&#8217;AUTEUR<\/h3>\n<p class=\"textMentions\">Ce site respecte le droit d&#8217;auteur. Tous les droits des auteurs des \u0153uvres prot\u00e9g\u00e9es reproduites et communiqu\u00e9es sur ce site, sont r\u00e9serv\u00e9s. Sauf autorisation, toute utilisation des \u0153uvres autres que la reproduction et la consultation individuelles priv\u00e9es sont interdites.<\/p>\n<h3 class=\"mentionLegalesTitle\">CR\u00c9DITS<\/h3>\n<p class=\"textMentions\">Les droits de reproduction ou de citation sont soumis \u00e0 autorisation pr\u00e9alable.<\/p>\n<h3 class=\"mentionLegalesTitle\">CR\u00c9DITS ADDITIONNEL<\/h3>\n<p class=\"textMentions\">Merci Cr\u00e9ative<\/p>\n<p class=\"textMentions\">Devant le d\u00e9veloppement des nouveaux outils de communication, il est n\u00e9cessaire de porter une attention particuli\u00e8re \u00e0 la protection de la vie priv\u00e9e. C&#8217;est pourquoi, nous nous engageons \u00e0 respecter la confidentialit\u00e9 des renseignements personnels que nous collectons.<\/p>\n<h3 class=\"mentionLegalesTitle\">COLLECTE DES RENSEIGNEMENTS PERSONNELS<\/h3>\n<p class=\"textMentions\">Nous collectons les renseignements suivants :<br \/>\nAdresse \u00e9lectronique Les renseignements personnels que nous collectons sont recueillis au travers de formulaires et gr\u00e2ce \u00e0 l&#8217;interactivit\u00e9 \u00e9tablie entre vous et notre site Web. Nous utilisons \u00e9galement, comme indiqu\u00e9 dans la section suivante, des fichiers t\u00e9moins et\/ou journaux pour r\u00e9unir des informations vous concernant.<\/p>\n<h3 class=\"mentionLegalesTitle\">FORMULAIRES\u00a0 ET INTERACTIVIT\u00c9:<\/h3>\n<p class=\"textMentions\">Vos renseignements personnels sont collect\u00e9s par le biais de formulaire, \u00e0 savoir : Nous utilisons les renseignements ainsi collect\u00e9s pour les finalit\u00e9s suivantes :<br \/>\nInformations \/ Offres promotionnelles<br \/>\nVos renseignements sont \u00e9galement collect\u00e9s par le biais de l&#8217;interactivit\u00e9 pouvant s&#8217;\u00e9tablir entre vous et notre site Web et ce, de la fa\u00e7on suivante:<\/p>\n<h3 class=\"mentionLegalesTitle\">DROIT D&#8217;OPPOSITION ET DE RETRAIT<\/h3>\n<p class=\"textMentions\">Nous nous engageons \u00e0 vous offrir un droit d&#8217;opposition et de retrait quant \u00e0 vos renseignements personnels. Le droit d&#8217;opposition s&#8217;entend comme \u00e9tant la possibilit\u00e9 offerte aux internautes de refuser que leurs renseignements personnels soient utilis\u00e9s \u00e0 certaines fins mentionn\u00e9es lors de la collecte. Le droit de retrait s&#8217;entend comme \u00e9tant la possibilit\u00e9 offerte aux internautes de demander \u00e0 ce que leurs renseignements personnels ne figurent plus, par exemple, dans une liste de diffusion. Pour pouvoir exercer ces droits, vous pouvez nous \u00e9crir :<br \/>\nAdresse postale :<br \/>\nH\u00f4tel Les Cr\u00eates Blanches ***<br \/>\nRue du Parc des Sports,<br \/>\n73150 Val-d&#8217;Is\u00e8re<br \/>\nCedex France<\/p>\n<p>Courriel :\u00a0cretes-blanches-valdisere@wanadoo.fr<br \/>\nSection du site web :\u00a0http:\/\/www.cr\u00eates-blanches.com\/contact<\/p>\n<h3 class=\"mentionLegalesTitle\">DROIT D&#8217;ACC\u00c8S<\/h3>\n<p class=\"textMentions\">Nous nous engageons \u00e0 reconna\u00eetre un droit d&#8217;acc\u00e8s et de rectification aux personnes concern\u00e9es d\u00e9sireuses de consulter, modifier, voire radier les informations les concernant. L&#8217;exercice de ce droit se fera :<br \/>\nAdresse postale :<br \/>\nH\u00f4tel Les Cr\u00eates Blanches ***<br \/>\nRue du Parc des Sports,<br \/>\n73150 Val-d&#8217;Is\u00e8re<br \/>\nCedex France<\/p>\n<p>Courriel :\u00a0cretes-blanches-valdisere@wanadoo.fr<br \/>\nSection du site web :\u00a0http:\/\/www.cr\u00eates-blanches.com\/contact<\/p>\n<h3 class=\"mentionLegalesTitle\">S\u00c9CURIT\u00c9<\/h3>\n<p class=\"textMentions\">Les renseignements personnels que nous collectons sont conserv\u00e9s dans un environnement s\u00e9curis\u00e9. Les personnes travaillant pour nous sont tenues de respecter la confidentialit\u00e9 de vos informations. Pour assurer la s\u00e9curit\u00e9 de vos renseignements personnels, nous avons recours aux mesures suivantes :<br \/>\n&#8211; Gestion des acc\u00e8s &#8211; personne autoris\u00e9e<br \/>\n&#8211; Gestion des acc\u00e8s &#8211; personne concern\u00e9e<br \/>\n&#8211; Sauvegarde informatique<br \/>\n&#8211; Pare-feu (Firewalls)<br \/>\nNous nous engageons \u00e0 maintenir un haut degr\u00e9 de confidentialit\u00e9 en int\u00e9grant les derni\u00e8res innovations technologiques permettant d&#8217;assurer la confidentialit\u00e9 de vos transactions. Toutefois, comme aucun m\u00e9canisme n&#8217;offre une s\u00e9curit\u00e9 maximale, une part de risque est toujours pr\u00e9sente lorsque l&#8217;on utilise Internet pour transmettre des renseignements personnels.<\/p>\n","protected":false},"excerpt":{"rendered":"<p>UI &amp; UX DESIGN Merci Creative &#8211;\u00a0www.wearemerci.com DIRECTION La publication du site est plac\u00e9e sous la direction de Christophe Vaquier. H\u00c9BERGEMENT DU SITE Le site Internet www.cr\u00eates-blanches.com\u00a0est h\u00e9berg\u00e9 par la soci\u00e9t\u00e9 OVH, SAS au capital de 10 000 000 euros, immatricul\u00e9e au RCS de Roubaix-Tourcoing sous le n\u00b0 424 761 419 00045. Si\u00e8ge social : [&hellip;]<\/p>\n","protected":false},"author":1,"featured_media":0,"parent":0,"menu_order":0,"comment_status":"closed","ping_status":"closed","template":"","meta":{"_acf_changed":false,"footnotes":""},"class_list":["post-247","page","type-page","status-publish","hentry"],"acf":[],"yoast_head":"<!-- This site is optimized with the Yoast SEO plugin v26.9 - https:\/\/yoast.com\/product\/yoast-seo-wordpress\/ -->\n<title>Legal notices - Espace Vacances<\/title>\n<meta name=\"robots\" content=\"index, follow, max-snippet:-1, max-image-preview:large, max-video-preview:-1\" \/>\n<link rel=\"canonical\" href=\"https:\/\/espace-vacances-valdisere.com\/en\/legal-notices\/\" \/>\n<meta property=\"og:locale\" content=\"en_US\" \/>\n<meta property=\"og:type\" content=\"article\" \/>\n<meta property=\"og:title\" content=\"Legal notices - Espace Vacances\" \/>\n<meta property=\"og:description\" content=\"UI &amp; UX DESIGN Merci Creative &#8211;\u00a0www.wearemerci.com DIRECTION La publication du site est plac\u00e9e sous la direction de Christophe Vaquier. H\u00c9BERGEMENT DU SITE Le site Internet www.cr\u00eates-blanches.com\u00a0est h\u00e9berg\u00e9 par la soci\u00e9t\u00e9 OVH, SAS au capital de 10 000 000 euros, immatricul\u00e9e au RCS de Roubaix-Tourcoing sous le n\u00b0 424 761 419 00045. Si\u00e8ge social : [&hellip;]\" \/>\n<meta property=\"og:url\" content=\"https:\/\/espace-vacances-valdisere.com\/en\/legal-notices\/\" \/>\n<meta property=\"og:site_name\" content=\"Espace Vacances\" \/>\n<meta property=\"article:modified_time\" content=\"2019-05-29T21:01:51+00:00\" \/>\n<meta name=\"twitter:card\" content=\"summary_large_image\" \/>\n<meta name=\"twitter:label1\" content=\"Est. reading time\" \/>\n\t<meta name=\"twitter:data1\" content=\"4 minutes\" \/>\n<script type=\"application\/ld+json\" class=\"yoast-schema-graph\">{\"@context\":\"https:\/\/schema.org\",\"@graph\":[{\"@type\":\"WebPage\",\"@id\":\"https:\/\/espace-vacances-valdisere.com\/en\/legal-notices\/\",\"url\":\"https:\/\/espace-vacances-valdisere.com\/en\/legal-notices\/\",\"name\":\"Legal notices - Espace Vacances\",\"isPartOf\":{\"@id\":\"https:\/\/espace-vacances-valdisere.com\/#website\"},\"datePublished\":\"2018-12-06T10:34:15+00:00\",\"dateModified\":\"2019-05-29T21:01:51+00:00\",\"breadcrumb\":{\"@id\":\"https:\/\/espace-vacances-valdisere.com\/en\/legal-notices\/#breadcrumb\"},\"inLanguage\":\"en-US\",\"potentialAction\":[{\"@type\":\"ReadAction\",\"target\":[\"https:\/\/espace-vacances-valdisere.com\/en\/legal-notices\/\"]}]},{\"@type\":\"BreadcrumbList\",\"@id\":\"https:\/\/espace-vacances-valdisere.com\/en\/legal-notices\/#breadcrumb\",\"itemListElement\":[{\"@type\":\"ListItem\",\"position\":1,\"name\":\"Home\",\"item\":\"https:\/\/espace-vacances-valdisere.com\/en\/\"},{\"@type\":\"ListItem\",\"position\":2,\"name\":\"Legal notices\"}]},{\"@type\":\"WebSite\",\"@id\":\"https:\/\/espace-vacances-valdisere.com\/#website\",\"url\":\"https:\/\/espace-vacances-valdisere.com\/\",\"name\":\"Espace Vacances\",\"description\":\"Vos vacances a Val d&#039;lsere\",\"potentialAction\":[{\"@type\":\"SearchAction\",\"target\":{\"@type\":\"EntryPoint\",\"urlTemplate\":\"https:\/\/espace-vacances-valdisere.com\/?s={search_term_string}\"},\"query-input\":{\"@type\":\"PropertyValueSpecification\",\"valueRequired\":true,\"valueName\":\"search_term_string\"}}],\"inLanguage\":\"en-US\"}]}<\/script>\n<!-- \/ Yoast SEO plugin. -->","yoast_head_json":{"title":"Legal notices - Espace Vacances","robots":{"index":"index","follow":"follow","max-snippet":"max-snippet:-1","max-image-preview":"max-image-preview:large","max-video-preview":"max-video-preview:-1"},"canonical":"https:\/\/espace-vacances-valdisere.com\/en\/legal-notices\/","og_locale":"en_US","og_type":"article","og_title":"Legal notices - Espace Vacances","og_description":"UI &amp; UX DESIGN Merci Creative &#8211;\u00a0www.wearemerci.com DIRECTION La publication du site est plac\u00e9e sous la direction de Christophe Vaquier. H\u00c9BERGEMENT DU SITE Le site Internet www.cr\u00eates-blanches.com\u00a0est h\u00e9berg\u00e9 par la soci\u00e9t\u00e9 OVH, SAS au capital de 10 000 000 euros, immatricul\u00e9e au RCS de Roubaix-Tourcoing sous le n\u00b0 424 761 419 00045. Si\u00e8ge social : [&hellip;]","og_url":"https:\/\/espace-vacances-valdisere.com\/en\/legal-notices\/","og_site_name":"Espace Vacances","article_modified_time":"2019-05-29T21:01:51+00:00","twitter_card":"summary_large_image","twitter_misc":{"Est. reading time":"4 minutes"},"schema":{"@context":"https:\/\/schema.org","@graph":[{"@type":"WebPage","@id":"https:\/\/espace-vacances-valdisere.com\/en\/legal-notices\/","url":"https:\/\/espace-vacances-valdisere.com\/en\/legal-notices\/","name":"Legal notices - Espace Vacances","isPartOf":{"@id":"https:\/\/espace-vacances-valdisere.com\/#website"},"datePublished":"2018-12-06T10:34:15+00:00","dateModified":"2019-05-29T21:01:51+00:00","breadcrumb":{"@id":"https:\/\/espace-vacances-valdisere.com\/en\/legal-notices\/#breadcrumb"},"inLanguage":"en-US","potentialAction":[{"@type":"ReadAction","target":["https:\/\/espace-vacances-valdisere.com\/en\/legal-notices\/"]}]},{"@type":"BreadcrumbList","@id":"https:\/\/espace-vacances-valdisere.com\/en\/legal-notices\/#breadcrumb","itemListElement":[{"@type":"ListItem","position":1,"name":"Home","item":"https:\/\/espace-vacances-valdisere.com\/en\/"},{"@type":"ListItem","position":2,"name":"Legal notices"}]},{"@type":"WebSite","@id":"https:\/\/espace-vacances-valdisere.com\/#website","url":"https:\/\/espace-vacances-valdisere.com\/","name":"Espace Vacances","description":"Vos vacances a Val d&#039;lsere","potentialAction":[{"@type":"SearchAction","target":{"@type":"EntryPoint","urlTemplate":"https:\/\/espace-vacances-valdisere.com\/?s={search_term_string}"},"query-input":{"@type":"PropertyValueSpecification","valueRequired":true,"valueName":"search_term_string"}}],"inLanguage":"en-US"}]}},"_links":{"self":[{"href":"https:\/\/espace-vacances-valdisere.com\/en\/wp-json\/wp\/v2\/pages\/247","targetHints":{"allow":["GET"]}}],"collection":[{"href":"https:\/\/espace-vacances-valdisere.com\/en\/wp-json\/wp\/v2\/pages"}],"about":[{"href":"https:\/\/espace-vacances-valdisere.com\/en\/wp-json\/wp\/v2\/types\/page"}],"author":[{"embeddable":true,"href":"https:\/\/espace-vacances-valdisere.com\/en\/wp-json\/wp\/v2\/users\/1"}],"replies":[{"embeddable":true,"href":"https:\/\/espace-vacances-valdisere.com\/en\/wp-json\/wp\/v2\/comments?post=247"}],"version-history":[{"count":1,"href":"https:\/\/espace-vacances-valdisere.com\/en\/wp-json\/wp\/v2\/pages\/247\/revisions"}],"predecessor-version":[{"id":248,"href":"https:\/\/espace-vacances-valdisere.com\/en\/wp-json\/wp\/v2\/pages\/247\/revisions\/248"}],"wp:attachment":[{"href":"https:\/\/espace-vacances-valdisere.com\/en\/wp-json\/wp\/v2\/media?parent=247"}],"curies":[{"name":"wp","href":"https:\/\/api.w.org\/{rel}","templated":true}]}}